{"id":37,"date":"2020-12-01T16:21:31","date_gmt":"2020-11-24T14:04:46","guid":{"rendered":"https:\/\/mbw-expertise.de\/test-2-2\/"},"modified":"2021-02-02T15:14:09","modified_gmt":"2021-02-02T15:14:09","slug":"offer","status":"publish","type":"page","link":"https:\/\/mbw-expertise.de\/de\/offer\/","title":{"rendered":"I offer &#8211; de"},"content":{"rendered":"","protected":false},"excerpt":{"rendered":"","protected":false},"author":1,"featured_media":0,"parent":0,"menu_order":0,"comment_status":"closed","ping_status":"closed","template":"","meta":[],"grid":"{\r\n  \"colCount\": 20,\r\n  \"colGutter\": 0.5,\r\n  \"rowGutters\": [],\r\n  \"frameMargin\": 0,\r\n  \"topFrameMargin\": 0,\r\n  \"bottomFrameMargin\": 0,\r\n  \"rowAttrs\": [\r\n    {\r\n      \"bgimage\": {\r\n        \"attid\": 63,\r\n        \"url\": \"\/wp-content\/uploads\/2020\/12\/04_Background_ioffer-1.png\",\r\n        \"sizes\": {\r\n          \"_1280\": {\r\n            \"w\": 1280,\r\n            \"h\": 720,\r\n            \"url\": \"\/wp-content\/uploads\/2020\/12\/04_Background_ioffer-1-1280x720.png\"\r\n          },\r\n          \"_1024\": {\r\n            \"w\": 1024,\r\n            \"h\": 576,\r\n            \"url\": \"\/wp-content\/uploads\/2020\/12\/04_Background_ioffer-1-1024x576.png\"\r\n          },\r\n          \"_768\": {\r\n            \"w\": 768,\r\n            \"h\": 432,\r\n            \"url\": \"\/wp-content\/uploads\/2020\/12\/04_Background_ioffer-1-768x432.png\"\r\n          },\r\n          \"_512\": {\r\n            \"w\": 512,\r\n            \"h\": 288,\r\n            \"url\": \"\/wp-content\/uploads\/2020\/12\/04_Background_ioffer-1-512x288.png\"\r\n          },\r\n          \"_265\": {\r\n            \"w\": 265,\r\n            \"h\": 149,\r\n            \"url\": \"\/wp-content\/uploads\/2020\/12\/04_Background_ioffer-1-265x149.png\"\r\n          }\r\n        }\r\n      }\r\n    }\r\n  ],\r\n  \"bgColor\": \"#fcfbf8\",\r\n  \"cont\": [\r\n    {\r\n      \"type\": \"text\",\r\n      \"cont\": \"<h1 class=\\\"_Menue\\\">ICH BIETE<\/h1>\",\r\n      \"align\": \"top\",\r\n      \"row\": 0,\r\n      \"col\": 11,\r\n      \"colspan\": 1,\r\n      \"offsetx\": 0,\r\n      \"offsety\": 0,\r\n      \"spaceabove\": 13,\r\n      \"spacebelow\": 0,\r\n      \"yvel\": 1,\r\n      \"push\": 11,\r\n      \"relid\": 4\r\n    },\r\n    {\r\n      \"type\": \"text\",\r\n      \"cont\": \"<h1 class=\\\"_headline01\\\" style=\\\"text-align: left;\\\">Vertrieb<\/h1><ul><li><p class=\\\"_TEXT\\\">Vertriebssupport DACH und Weltweit<\/p><\/li><li><p class=\\\"_TEXT\\\">Unterst\u00fctzung beim Aufbau der richtigen Vertriebskan\u00e4le<\/p><\/li><li><p class=\\\"_TEXT\\\">Support bei der Suche von potentiellen Industrie Partnern, Unterst\u00fctzung bei der Kontaktaufnahme und bei den Gespr\u00e4chen<\/p><\/li><li><p class=\\\"_TEXT\\\">Preis- und Vertriebsstrategie<\/p><\/li><li><p class=\\\"_TEXT\\\">\u00dcberwachung der Marktentwicklung Ihrer Marke<\/p><\/li><li><p class=\\\"_TEXT\\\">Interims Management<\/p><\/li><li><p class=\\\"_TEXT\\\">Vertriebstraining und -coaching nach der Methode \u201eselling-and-smiling\u201c<\/p><\/li><li><p class=\\\"_TEXT\\\">Training \u201eon the job\u201c<\/p><\/li><li><p class=\\\"_TEXT\\\">Mystery check<br \/><br \/><\/p><\/li><\/ul><h1 class=\\\"_headline01\\\">Markenanalyse<\/h1><ul><li><p class=\\\"_TEXT\\\">SWOT Analyse: Was sind die St\u00e4rken\/Schw\u00e4chen? Wo sind Potentiale Ihrer Marke?<\/p><\/li><li><p class=\\\"_TEXT\\\">USP Analyse: Wo und wie hebt sich Ihre Marke ab?<\/p><\/li><li><p class=\\\"_TEXT\\\">Analyse der Mitbewerber in den geplanten M\u00e4rkten<br \/><br \/><\/p><\/li><\/ul><h1 class=\\\"_headline01\\\">Marketing<\/h1><ul><li><p class=\\\"_TEXT\\\">Ausarbeitung einer Marketingstrategie<\/p><\/li><li><p class=\\\"_TEXT\\\">\u00dcberarbeitung der von Ihnen zur Verf\u00fcgung gestellten Dokumente<\/p><\/li><li><p class=\\\"_TEXT\\\">Auswahl der Ma\u00dfnahmen und Unterst\u00fctzung bei der Durchf\u00fchrung<\/p><\/li><li><p class=\\\"_TEXT\\\">Anpassen Ihrer Marketingelemente an die neu geplanten M\u00e4rkte<br \/><br \/><\/p><\/li><\/ul><h1 class=\\\"_headline01\\\">Training<\/h1><ul><li><p class=\\\"_TEXT\\\">Anpassen der vorhandenen Trainingskonzepte und Unterlagen<\/p><\/li><li><p class=\\\"_TEXT\\\">Erstellen neuer Trainingskonzepte<\/p><\/li><li><p class=\\\"_TEXT\\\">Durchf\u00fchren von Trainingskonzepten<br \/><br \/><\/p><\/li><\/ul><h1 class=\\\"_headline01\\\">Human ressources<\/h1><ul><li><p class=\\\"_TEXT\\\">Teamsuche und Auswertung<\/p><\/li><li><p class=\\\"_TEXT\\\">Trainingsma\u00dfnahmen zur Teambildung<\/p><\/li><li><p class=\\\"_TEXT\\\">Mitarbeiterf\u00fchrung und Motivation<\/p><\/li><\/ul><p>\u00a0<\/p><p class=\\\"_Zitat\\\"><em>\u201cClients do not come first. Employees come first. <br \/>If you take care of your employees, they will take care of the clients\u201d<\/em><\/p><p class=\\\"_Zitat\\\"><em>\u2014 Richard Branson<\/em><\/p>\",\r\n      \"align\": \"top\",\r\n      \"row\": 0,\r\n      \"col\": 12,\r\n      \"colspan\": 6,\r\n      \"offsetx\": 1.5,\r\n      \"offsety\": 0,\r\n      \"spaceabove\": 13,\r\n      \"spacebelow\": 13,\r\n      \"yvel\": 1,\r\n      \"push\": 0,\r\n      \"relid\": 5\r\n    }\r\n  ]\r\n}","phonegrid":"{\r\n  \"colCount\": 12,\r\n  \"colGutter\": 1,\r\n  \"rowGutters\": [\r\n    5,\r\n    0,\r\n    5\r\n  ],\r\n  \"frameMargin\": 9,\r\n  \"topFrameMargin\": 0,\r\n  \"bottomFrameMargin\": 0,\r\n  \"rowAttrs\": [\r\n    {},\r\n    {},\r\n    {},\r\n    {}\r\n  ],\r\n  \"bgColor\": null,\r\n  \"cont\": [\r\n    {\r\n      \"type\": \"img\",\r\n      \"cont\": \"\/wp-content\/uploads\/2021\/01\/mbw_background-mobile-1-wide.jpg\",\r\n      \"align\": \"middle\",\r\n      \"row\": 0,\r\n      \"col\": 0,\r\n      \"colspan\": 12,\r\n      \"offsetx\": 0,\r\n      \"offsety\": 0,\r\n      \"spaceabove\": 0,\r\n      \"spacebelow\": 0,\r\n      \"yvel\": 1,\r\n      \"push\": 0,\r\n      \"relid\": 165,\r\n      \"attid\": 112,\r\n      \"sizes\": {\r\n        \"full\": \"\/wp-content\/uploads\/2021\/01\/mbw_background-mobile-1-wide.jpg\",\r\n        \"_768\": \"\/wp-content\/uploads\/2021\/01\/mbw_background-mobile-1-wide-768x161.jpg\",\r\n        \"_512\": \"\/wp-content\/uploads\/2021\/01\/mbw_background-mobile-1-wide-512x108.jpg\",\r\n        \"_265\": \"\/wp-content\/uploads\/2021\/01\/mbw_background-mobile-1-wide-265x56.jpg\"\r\n      },\r\n      \"w\": 900,\r\n      \"h\": 189,\r\n      \"ar\": 0.21,\r\n      \"alt\": \"\",\r\n      \"frameOverflow\": \"both\"\r\n    },\r\n    {\r\n      \"type\": \"text\",\r\n      \"cont\": \"<h1 class=\\\"_Menue\\\">ICH BIETE<\/h1>\",\r\n      \"align\": \"bottom\",\r\n      \"row\": 1,\r\n      \"col\": 0,\r\n      \"colspan\": 12,\r\n      \"offsetx\": 0,\r\n      \"offsety\": 0,\r\n      \"spaceabove\": 0,\r\n      \"spacebelow\": 0,\r\n      \"yvel\": 1,\r\n      \"push\": 0,\r\n      \"relid\": 4\r\n    },\r\n    {\r\n      \"type\": \"text\",\r\n      \"cont\": \"<h1 class=\\\"_headline01\\\" style=\\\"text-align: left;\\\">Vertrieb<\/h1><ul><li><p class=\\\"_TEXT\\\">Vertriebssupport DACH und Weltweit<\/p><\/li><li><p class=\\\"_TEXT\\\">Unterst\u00fctzung beim Aufbau der richtigen Vertriebskan\u00e4le<\/p><\/li><li><p class=\\\"_TEXT\\\">Support bei der Suche von potentiellen Industrie Partnern, Unterst\u00fctzung bei der Kontaktaufnahme und bei den Gespr\u00e4chen<\/p><\/li><li><p class=\\\"_TEXT\\\">Preis- und Vertriebsstrategie<\/p><\/li><li><p class=\\\"_TEXT\\\">\u00dcberwachung der Marktentwicklung Ihrer Marke<\/p><\/li><li><p class=\\\"_TEXT\\\">Interims Management<\/p><\/li><li><p class=\\\"_TEXT\\\">Vertriebstraining und -coaching nach der Methode \u201eselling-and-smiling\u201c<\/p><\/li><li><p class=\\\"_TEXT\\\">Training \u201eon the job\u201c<\/p><\/li><li><p class=\\\"_TEXT\\\">Mystery check<br \/><br \/><\/p><\/li><\/ul><h1 class=\\\"_headline01\\\">Markenanalyse<\/h1><ul><li><p class=\\\"_TEXT\\\">SWOT Analyse: Was sind die St\u00e4rken\/Schw\u00e4chen? Wo sind Potentiale Ihrer Marke?<\/p><\/li><li><p class=\\\"_TEXT\\\">USP Analyse: Wo und wie hebt sich Ihre Marke ab?<\/p><\/li><li><p class=\\\"_TEXT\\\">Analyse der Mitbewerber in den geplanten M\u00e4rkten<br \/><br \/><\/p><\/li><\/ul><h1 class=\\\"_headline01\\\">Marketing<\/h1><ul><li><p class=\\\"_TEXT\\\">Ausarbeitung einer Marketingstrategie<\/p><\/li><li><p class=\\\"_TEXT\\\">\u00dcberarbeitung der von Ihnen zur Verf\u00fcgung gestellten Dokumente<\/p><\/li><li><p class=\\\"_TEXT\\\">Auswahl der Ma\u00dfnahmen und Unterst\u00fctzung bei der Durchf\u00fchrung<\/p><\/li><li><p class=\\\"_TEXT\\\">Anpassen Ihrer Marketingelemente an die neu geplanten M\u00e4rkte<br \/><br \/><\/p><\/li><\/ul><h1 class=\\\"_headline01\\\">Training<\/h1><ul><li><p class=\\\"_TEXT\\\">Anpassen der vorhandenen Trainingskonzepte und Unterlagen<\/p><\/li><li><p class=\\\"_TEXT\\\">Erstellen neuer Trainingskonzepte<\/p><\/li><li><p class=\\\"_TEXT\\\">Durchf\u00fchren von Trainingskonzepten<br \/><br \/><\/p><\/li><\/ul><h1 class=\\\"_headline01\\\">Human ressources<\/h1><ul><li><p class=\\\"_TEXT\\\">Teamsuche und Auswertung<\/p><\/li><li><p class=\\\"_TEXT\\\">Trainingsma\u00dfnahmen zur Teambildung<\/p><\/li><li><p class=\\\"_TEXT\\\">Mitarbeiterf\u00fchrung und Motivation<\/p><\/li><\/ul><p>\u00a0<\/p><p class=\\\"_Zitat\\\"><em>\u201cClients do not come first. Employees come first. <br \/>If you take care of your employees, they will take care of the clients\u201d<\/em><\/p><p class=\\\"_Zitat\\\"><em>\u2014 Richard Branson<\/em><\/p>\",\r\n      \"align\": \"bottom\",\r\n      \"row\": 2,\r\n      \"col\": 0,\r\n      \"colspan\": 12,\r\n      \"offsetx\": 0,\r\n      \"offsety\": 0,\r\n      \"spaceabove\": 0,\r\n      \"spacebelow\": 0,\r\n      \"yvel\": 1,\r\n      \"push\": 0,\r\n      \"relid\": 5,\r\n      \"frameOverflow\": \"\"\r\n    },\r\n    {\r\n      \"type\": \"img\",\r\n      \"cont\": \"\/wp-content\/uploads\/2021\/01\/mbw_background-mobile-1-wide-2.jpg\",\r\n      \"align\": \"top\",\r\n      \"row\": 3,\r\n      \"col\": 0,\r\n      \"colspan\": 12,\r\n      \"offsetx\": 0,\r\n      \"offsety\": 0,\r\n      \"spaceabove\": 0,\r\n      \"spacebelow\": 0,\r\n      \"yvel\": 1,\r\n      \"push\": 0,\r\n      \"relid\": 271,\r\n      \"attid\": 117,\r\n      \"sizes\": {\r\n        \"full\": \"\/wp-content\/uploads\/2021\/01\/mbw_background-mobile-1-wide-2.jpg\",\r\n        \"_768\": \"\/wp-content\/uploads\/2021\/01\/mbw_background-mobile-1-wide-2-768x161.jpg\",\r\n        \"_512\": \"\/wp-content\/uploads\/2021\/01\/mbw_background-mobile-1-wide-2-512x108.jpg\",\r\n        \"_265\": \"\/wp-content\/uploads\/2021\/01\/mbw_background-mobile-1-wide-2-265x56.jpg\"\r\n      },\r\n      \"w\": 900,\r\n      \"h\": 189,\r\n      \"ar\": 0.21,\r\n      \"alt\": \"\",\r\n      \"frameOverflow\": \"both\"\r\n    }\r\n  ]\r\n}","_links":{"self":[{"href":"https:\/\/mbw-expertise.de\/de\/wp-json\/wp\/v2\/pages\/37"}],"collection":[{"href":"https:\/\/mbw-expertise.de\/de\/wp-json\/wp\/v2\/pages"}],"about":[{"href":"https:\/\/mbw-expertise.de\/de\/wp-json\/wp\/v2\/types\/page"}],"author":[{"embeddable":true,"href":"https:\/\/mbw-expertise.de\/de\/wp-json\/wp\/v2\/users\/1"}],"replies":[{"embeddable":true,"href":"https:\/\/mbw-expertise.de\/de\/wp-json\/wp\/v2\/comments?post=37"}],"version-history":[{"count":0,"href":"https:\/\/mbw-expertise.de\/de\/wp-json\/wp\/v2\/pages\/37\/revisions"}],"wp:attachment":[{"href":"https:\/\/mbw-expertise.de\/de\/wp-json\/wp\/v2\/media?parent=37"}],"curies":[{"name":"wp","href":"https:\/\/api.w.org\/{rel}","templated":true}]}}