{"id":25,"date":"2020-11-30T14:28:37","date_gmt":"2020-11-24T14:04:46","guid":{"rendered":"https:\/\/mbw-expertise.de\/test-2\/"},"modified":"2021-02-03T16:38:51","modified_gmt":"2021-02-03T16:38:51","slug":"love","status":"publish","type":"page","link":"https:\/\/mbw-expertise.de\/fr\/love\/","title":{"rendered":"J\u2019AIME &#8211; fr"},"content":{"rendered":"","protected":false},"excerpt":{"rendered":"","protected":false},"author":1,"featured_media":0,"parent":0,"menu_order":0,"comment_status":"closed","ping_status":"closed","template":"","meta":[],"grid":"{\r\n  \"colCount\": 18,\r\n  \"colGutter\": 0.5,\r\n  \"rowGutters\": [],\r\n  \"frameMargin\": 0,\r\n  \"topFrameMargin\": 0,\r\n  \"bottomFrameMargin\": 0,\r\n  \"rowAttrs\": [\r\n    {\r\n      \"bgimage\": {\r\n        \"attid\": 60,\r\n        \"url\": \"\/wp-content\/uploads\/2020\/12\/03_Background_ilove-1.png\",\r\n        \"sizes\": {\r\n          \"_1280\": {\r\n            \"w\": 1280,\r\n            \"h\": 720,\r\n            \"url\": \"\/wp-content\/uploads\/2020\/12\/03_Background_ilove-1-1280x720.png\"\r\n          },\r\n          \"_1024\": {\r\n            \"w\": 1024,\r\n            \"h\": 576,\r\n            \"url\": \"\/wp-content\/uploads\/2020\/12\/03_Background_ilove-1-1024x576.png\"\r\n          },\r\n          \"_768\": {\r\n            \"w\": 768,\r\n            \"h\": 432,\r\n            \"url\": \"\/wp-content\/uploads\/2020\/12\/03_Background_ilove-1-768x432.png\"\r\n          },\r\n          \"_512\": {\r\n            \"w\": 512,\r\n            \"h\": 288,\r\n            \"url\": \"\/wp-content\/uploads\/2020\/12\/03_Background_ilove-1-512x288.png\"\r\n          },\r\n          \"_265\": {\r\n            \"w\": 265,\r\n            \"h\": 149,\r\n            \"url\": \"\/wp-content\/uploads\/2020\/12\/03_Background_ilove-1-265x149.png\"\r\n          }\r\n        }\r\n      },\r\n      \"row100vh\": true\r\n    }\r\n  ],\r\n  \"bgColor\": \"#fcfbf8\",\r\n  \"cont\": [\r\n    {\r\n      \"type\": \"text\",\r\n      \"cont\": \"<h1 class=\\\"_Menue\\\" style=\\\"text-align: left;\\\">J\u2019AIME<\/h1>\",\r\n      \"align\": \"top\",\r\n      \"row\": 0,\r\n      \"col\": 10,\r\n      \"colspan\": 1,\r\n      \"offsetx\": 0,\r\n      \"offsety\": 0,\r\n      \"spaceabove\": 13,\r\n      \"spacebelow\": 0,\r\n      \"yvel\": 1,\r\n      \"push\": 10,\r\n      \"relid\": 4\r\n    },\r\n    {\r\n      \"type\": \"text\",\r\n      \"cont\": \"<h1 class=\\\"_headline01\\\">mbw-expertise stands for my brandworld.<\/h1><p class=\\\"_TEXT\\\">Ma passion, ce sont les marques en g\u00e9n\u00e9ral mais plus particuli\u00e8rement celles de produits de beaut\u00e9, leur concept, leur design et leur d\u00e9veloppement. L'expertise de MBW c'est ma capacit\u00e9 \u00e0 harmoniser le marketing, la formation et la distribution.<\/p><h1 class=\\\"_headline01\\\"><br \/>mbw-expertise, c'est une passion pour les marques associ\u00e9e \u00e0 un solide socle de comp\u00e9tences.<\/h1><p class=\\\"_TEXT\\\">Ma mission est de comprendre votre marque, de choisir les meilleurs r\u00e9seaux de distribution et, gr\u00e2ce \u00e0 une politique de marketing et de formation adapt\u00e9e, d'atteindre vos objectifs. Notre \u00e9thique de collaboration est fond\u00e9e sur un \u00e9tat d'esprit positif, sinc\u00e8re, tol\u00e9rant et ouvert. Notre d\u00e9marche est la clef de notre succ\u00e8s.<\/p><p class=\\\"_Zitat\\\">\u00a0<\/p><p class=\\\"_Zitat\\\"><em>\u201cOn n\u2019apprend pas \u00e0 marcher en suivant les r\u00e8gles. On apprend en agissant et en tombant\u201d<br \/>\u2014 Richard Branson<\/em><\/p>\",\r\n      \"align\": \"top\",\r\n      \"row\": 0,\r\n      \"col\": 11,\r\n      \"colspan\": 6,\r\n      \"offsetx\": 0,\r\n      \"offsety\": 0,\r\n      \"spaceabove\": 13,\r\n      \"spacebelow\": 0,\r\n      \"yvel\": 1,\r\n      \"push\": 11,\r\n      \"relid\": 5\r\n    }\r\n  ]\r\n}","phonegrid":"{\r\n  \"colCount\": 12,\r\n  \"colGutter\": 1,\r\n  \"rowGutters\": [\r\n    5,\r\n    5,\r\n    5\r\n  ],\r\n  \"frameMargin\": 9,\r\n  \"topFrameMargin\": 0,\r\n  \"bottomFrameMargin\": 0,\r\n  \"rowAttrs\": [\r\n    {},\r\n    {},\r\n    {},\r\n    {}\r\n  ],\r\n  \"bgColor\": null,\r\n  \"cont\": [\r\n    {\r\n      \"type\": \"img\",\r\n      \"cont\": \"\/wp-content\/uploads\/2021\/01\/mbw_background-mobile-2-wide.jpg\",\r\n      \"align\": \"middle\",\r\n      \"row\": 0,\r\n      \"col\": 0,\r\n      \"colspan\": 12,\r\n      \"offsetx\": 0,\r\n      \"offsety\": 0,\r\n      \"spaceabove\": 0,\r\n      \"spacebelow\": 0,\r\n      \"yvel\": 1,\r\n      \"push\": 0,\r\n      \"relid\": 165,\r\n      \"attid\": 113,\r\n      \"sizes\": {\r\n        \"full\": \"\/wp-content\/uploads\/2021\/01\/mbw_background-mobile-2-wide.jpg\",\r\n        \"_768\": \"\/wp-content\/uploads\/2021\/01\/mbw_background-mobile-2-wide-768x161.jpg\",\r\n        \"_512\": \"\/wp-content\/uploads\/2021\/01\/mbw_background-mobile-2-wide-512x108.jpg\",\r\n        \"_265\": \"\/wp-content\/uploads\/2021\/01\/mbw_background-mobile-2-wide-265x56.jpg\"\r\n      },\r\n      \"w\": 900,\r\n      \"h\": 189,\r\n      \"ar\": 0.21,\r\n      \"alt\": \"\",\r\n      \"frameOverflow\": \"both\"\r\n    },\r\n    {\r\n      \"type\": \"text\",\r\n      \"cont\": \"<h1 class=\\\"_Menue\\\" style=\\\"text-align: left;\\\">J\u2019AIME<\/h1>\",\r\n      \"align\": \"bottom\",\r\n      \"row\": 1,\r\n      \"col\": 0,\r\n      \"colspan\": 12,\r\n      \"offsetx\": 0,\r\n      \"offsety\": 0,\r\n      \"spaceabove\": 0,\r\n      \"spacebelow\": 0,\r\n      \"yvel\": 1,\r\n      \"push\": 0,\r\n      \"relid\": 4\r\n    },\r\n    {\r\n      \"type\": \"text\",\r\n      \"cont\": \"<h1 class=\\\"_headline01\\\">mbw-expertise stands for my brandworld.<\/h1><p class=\\\"_TEXT\\\">Ma passion, ce sont les marques en g\u00e9n\u00e9ral mais plus particuli\u00e8rement celles de produits de beaut\u00e9, leur concept, leur design et leur d\u00e9veloppement. L'expertise de MBW c'est ma capacit\u00e9 \u00e0 harmoniser le marketing, la formation et la distribution.<\/p><h1 class=\\\"_headline01\\\"><br \/>mbw-expertise, c'est une passion pour les marques associ\u00e9e \u00e0 un solide socle de comp\u00e9tences.<\/h1><p class=\\\"_TEXT\\\">Ma mission est de comprendre votre marque, de choisir les meilleurs r\u00e9seaux de distribution et, gr\u00e2ce \u00e0 une politique de marketing et de formation adapt\u00e9e, d'atteindre vos objectifs. Notre \u00e9thique de collaboration est fond\u00e9e sur un \u00e9tat d'esprit positif, sinc\u00e8re, tol\u00e9rant et ouvert. Notre d\u00e9marche est la clef de notre succ\u00e8s.<\/p><p class=\\\"_Zitat\\\">\u00a0<\/p><p class=\\\"_Zitat\\\"><em>\u201cOn n\u2019apprend pas \u00e0 marcher en suivant les r\u00e8gles. On apprend en agissant et en tombant\u201d<br \/>\u2014 Richard Branson<\/em><\/p>\",\r\n      \"align\": \"top\",\r\n      \"row\": 2,\r\n      \"col\": 0,\r\n      \"colspan\": 12,\r\n      \"offsetx\": 0,\r\n      \"offsety\": 0,\r\n      \"spaceabove\": 0,\r\n      \"spacebelow\": 0,\r\n      \"yvel\": 1,\r\n      \"push\": 0,\r\n      \"relid\": 6\r\n    },\r\n    {\r\n      \"type\": \"img\",\r\n      \"cont\": \"\/wp-content\/uploads\/2021\/01\/mbw_background-mobile-2-wide-2.jpg\",\r\n      \"align\": \"top\",\r\n      \"row\": 3,\r\n      \"col\": 0,\r\n      \"colspan\": 12,\r\n      \"offsetx\": 0,\r\n      \"offsety\": 0,\r\n      \"spaceabove\": 0,\r\n      \"spacebelow\": 0,\r\n      \"yvel\": 1,\r\n      \"push\": 0,\r\n      \"relid\": 271,\r\n      \"attid\": 118,\r\n      \"sizes\": {\r\n        \"full\": \"\/wp-content\/uploads\/2021\/01\/mbw_background-mobile-2-wide-2.jpg\",\r\n        \"_768\": \"\/wp-content\/uploads\/2021\/01\/mbw_background-mobile-2-wide-2-768x161.jpg\",\r\n        \"_512\": \"\/wp-content\/uploads\/2021\/01\/mbw_background-mobile-2-wide-2-512x108.jpg\",\r\n        \"_265\": \"\/wp-content\/uploads\/2021\/01\/mbw_background-mobile-2-wide-2-265x56.jpg\"\r\n      },\r\n      \"w\": 900,\r\n      \"h\": 189,\r\n      \"ar\": 0.21,\r\n      \"alt\": \"\",\r\n      \"frameOverflow\": \"both\"\r\n    }\r\n  ]\r\n}","_links":{"self":[{"href":"https:\/\/mbw-expertise.de\/fr\/wp-json\/wp\/v2\/pages\/25"}],"collection":[{"href":"https:\/\/mbw-expertise.de\/fr\/wp-json\/wp\/v2\/pages"}],"about":[{"href":"https:\/\/mbw-expertise.de\/fr\/wp-json\/wp\/v2\/types\/page"}],"author":[{"embeddable":true,"href":"https:\/\/mbw-expertise.de\/fr\/wp-json\/wp\/v2\/users\/1"}],"replies":[{"embeddable":true,"href":"https:\/\/mbw-expertise.de\/fr\/wp-json\/wp\/v2\/comments?post=25"}],"version-history":[{"count":0,"href":"https:\/\/mbw-expertise.de\/fr\/wp-json\/wp\/v2\/pages\/25\/revisions"}],"wp:attachment":[{"href":"https:\/\/mbw-expertise.de\/fr\/wp-json\/wp\/v2\/media?parent=25"}],"curies":[{"name":"wp","href":"https:\/\/api.w.org\/{rel}","templated":true}]}}