{"id":37,"date":"2020-12-01T16:21:31","date_gmt":"2020-11-24T14:04:46","guid":{"rendered":"https:\/\/mbw-expertise.de\/test-2-2\/"},"modified":"2021-02-02T15:14:09","modified_gmt":"2021-02-02T15:14:09","slug":"offer","status":"publish","type":"page","link":"https:\/\/mbw-expertise.de\/fr\/offer\/","title":{"rendered":"I offer &#8211; fr"},"content":{"rendered":"","protected":false},"excerpt":{"rendered":"","protected":false},"author":1,"featured_media":0,"parent":0,"menu_order":0,"comment_status":"closed","ping_status":"closed","template":"","meta":[],"grid":"{\r\n  \"colCount\": 20,\r\n  \"colGutter\": 0.5,\r\n  \"rowGutters\": [],\r\n  \"frameMargin\": 0,\r\n  \"topFrameMargin\": 0,\r\n  \"bottomFrameMargin\": 0,\r\n  \"rowAttrs\": [\r\n    {\r\n      \"bgimage\": {\r\n        \"attid\": 63,\r\n        \"url\": \"\/wp-content\/uploads\/2020\/12\/04_Background_ioffer-1.png\",\r\n        \"sizes\": {\r\n          \"_1280\": {\r\n            \"w\": 1280,\r\n            \"h\": 720,\r\n            \"url\": \"\/wp-content\/uploads\/2020\/12\/04_Background_ioffer-1-1280x720.png\"\r\n          },\r\n          \"_1024\": {\r\n            \"w\": 1024,\r\n            \"h\": 576,\r\n            \"url\": \"\/wp-content\/uploads\/2020\/12\/04_Background_ioffer-1-1024x576.png\"\r\n          },\r\n          \"_768\": {\r\n            \"w\": 768,\r\n            \"h\": 432,\r\n            \"url\": \"\/wp-content\/uploads\/2020\/12\/04_Background_ioffer-1-768x432.png\"\r\n          },\r\n          \"_512\": {\r\n            \"w\": 512,\r\n            \"h\": 288,\r\n            \"url\": \"\/wp-content\/uploads\/2020\/12\/04_Background_ioffer-1-512x288.png\"\r\n          },\r\n          \"_265\": {\r\n            \"w\": 265,\r\n            \"h\": 149,\r\n            \"url\": \"\/wp-content\/uploads\/2020\/12\/04_Background_ioffer-1-265x149.png\"\r\n          }\r\n        }\r\n      }\r\n    }\r\n  ],\r\n  \"bgColor\": \"#fcfbf8\",\r\n  \"cont\": [\r\n    {\r\n      \"type\": \"text\",\r\n      \"cont\": \"<h1 class=\\\"_Menue\\\" style=\\\"text-align: left;\\\">MON OFFRE<\/h1>\",\r\n      \"align\": \"top\",\r\n      \"row\": 0,\r\n      \"col\": 11,\r\n      \"colspan\": 1,\r\n      \"offsetx\": 0,\r\n      \"offsety\": 0,\r\n      \"spaceabove\": 13,\r\n      \"spacebelow\": 0,\r\n      \"yvel\": 1,\r\n      \"push\": 11,\r\n      \"relid\": 4\r\n    },\r\n    {\r\n      \"type\": \"text\",\r\n      \"cont\": \"<h1 class=\\\"_headline01\\\" style=\\\"text-align: left;\\\">Ventes<\/h1><ul><li><p class=\\\"_TEXT\\\">Soutien aux ventes DACH (Allemagne, Autriche et Suisse Allemande) et dans le monde entier<\/p><\/li><li><p class=\\\"_TEXT\\\">Aide \u00e0 la mise en place des bons canaux de vente<\/p><\/li><li><p class=\\\"_TEXT\\\">Soutien \u00e0 la recherche de partenaires potentiels, aide \u00e0 l'\u00e9tablissement de contacts et aux discussions<\/p><\/li><li><p class=\\\"_TEXT\\\">Strat\u00e9gie de prix et de distribution<\/p><\/li><li><p class=\\\"_TEXT\\\">Suivre l'\u00e9volution de votre marque sur le march\u00e9<\/p><\/li><li><p class=\\\"_TEXT\\\">Gestion int\u00e9rimaire<\/p><\/li><li><p class=\\\"_TEXT\\\">Formation \u00e0 la vente et coaching de vente selon la m\u00e9thode \\\"sellingandsmiling<\/p><\/li><li><p class=\\\"_TEXT\\\">Training on the job<\/p><\/li><li><p class=\\\"_TEXT\\\">Mystery check<br \/><br \/><\/p><\/li><\/ul><h1 class=\\\"_headline01\\\">Analyse de marques<\/h1><ul><li><p class=\\\"_TEXT\\\">quelles sont forces et faiblesses de votre marque?<\/p><\/li><li><p class=\\\"_TEXT\\\">en quoi et comment votre marque se distingue-t-elle? USP\u00a0?<\/p><\/li><li><p class=\\\"_TEXT\\\">o\u00f9 se trouvent les potentiels de votre marque?<\/p><\/li><li><p class=\\\"_TEXT\\\">analyse des concurrents pr\u00e9sents sur les march\u00e9s choisi<br \/><br \/><\/p><\/li><\/ul><h1 class=\\\"_headline01\\\">Marketing<\/h1><ul><li><p class=\\\"_TEXT\\\">contruction d'une strat\u00e9gie de marketing<\/p><\/li><li><p class=\\\"_TEXT\\\">analyse argument\u00e9e de vos propres documents<\/p><\/li><li><p class=\\\"_TEXT\\\">s\u00e9lection des mesures \u00e0 prendre et accompagnement dans leur application<\/p><\/li><li><p class=\\\"_TEXT\\\">s\u00e9lection des mesures \u00e0 prendre et accompagnement dans leur application<br \/><br \/><\/p><\/li><\/ul><h1 class=\\\"_headline01\\\">Training<\/h1><ul><li><p class=\\\"_TEXT\\\">mise \u00e0 jour des principes et des documents de formation<\/p><\/li><li><p class=\\\"_TEXT\\\">cr\u00e9ation de nouveaux programmes de formation<\/p><\/li><li><p class=\\\"_TEXT\\\">application des programmes de formation<br \/><br \/><\/p><\/li><\/ul><h1 class=\\\"_headline01\\\">Human resources<\/h1><ul><li><p class=\\\"_TEXT\\\">composition et \u00e9valuation d'une \u00e9quipe<\/p><\/li><li><p class=\\\"_TEXT\\\">programmes de formation en vue de la constitution d'une \u00e9quipe<\/p><\/li><li><p class=\\\"_TEXT\\\">gestion et motivation des collaborateurs.<\/p><\/li><\/ul><p>\u00a0<\/p><p class=\\\"_Zitat\\\">\u201cSi prenez soin de vos employ\u00e9s, ils prendront soin de votre entreprise\u201d<\/p><p class=\\\"_Zitat\\\"><em>\u2014 Richard Branson<\/em><\/p>\",\r\n      \"align\": \"top\",\r\n      \"row\": 0,\r\n      \"col\": 12,\r\n      \"colspan\": 6,\r\n      \"offsetx\": 1.5,\r\n      \"offsety\": 0,\r\n      \"spaceabove\": 13,\r\n      \"spacebelow\": 13,\r\n      \"yvel\": 1,\r\n      \"push\": 0,\r\n      \"relid\": 5\r\n    }\r\n  ]\r\n}","phonegrid":"{\r\n  \"colCount\": 12,\r\n  \"colGutter\": 1,\r\n  \"rowGutters\": [\r\n    5,\r\n    0,\r\n    5\r\n  ],\r\n  \"frameMargin\": 9,\r\n  \"topFrameMargin\": 0,\r\n  \"bottomFrameMargin\": 0,\r\n  \"rowAttrs\": [\r\n    {},\r\n    {},\r\n    {},\r\n    {}\r\n  ],\r\n  \"bgColor\": null,\r\n  \"cont\": [\r\n    {\r\n      \"type\": \"img\",\r\n      \"cont\": \"\/wp-content\/uploads\/2021\/01\/mbw_background-mobile-1-wide.jpg\",\r\n      \"align\": \"middle\",\r\n      \"row\": 0,\r\n      \"col\": 0,\r\n      \"colspan\": 12,\r\n      \"offsetx\": 0,\r\n      \"offsety\": 0,\r\n      \"spaceabove\": 0,\r\n      \"spacebelow\": 0,\r\n      \"yvel\": 1,\r\n      \"push\": 0,\r\n      \"relid\": 165,\r\n      \"attid\": 112,\r\n      \"sizes\": {\r\n        \"full\": \"\/wp-content\/uploads\/2021\/01\/mbw_background-mobile-1-wide.jpg\",\r\n        \"_768\": \"\/wp-content\/uploads\/2021\/01\/mbw_background-mobile-1-wide-768x161.jpg\",\r\n        \"_512\": \"\/wp-content\/uploads\/2021\/01\/mbw_background-mobile-1-wide-512x108.jpg\",\r\n        \"_265\": \"\/wp-content\/uploads\/2021\/01\/mbw_background-mobile-1-wide-265x56.jpg\"\r\n      },\r\n      \"w\": 900,\r\n      \"h\": 189,\r\n      \"ar\": 0.21,\r\n      \"alt\": \"\",\r\n      \"frameOverflow\": \"both\"\r\n    },\r\n    {\r\n      \"type\": \"text\",\r\n      \"cont\": \"<h1 class=\\\"_Menue\\\" style=\\\"text-align: left;\\\">MON OFFRE<\/h1>\",\r\n      \"align\": \"bottom\",\r\n      \"row\": 1,\r\n      \"col\": 0,\r\n      \"colspan\": 12,\r\n      \"offsetx\": 0,\r\n      \"offsety\": 0,\r\n      \"spaceabove\": 0,\r\n      \"spacebelow\": 0,\r\n      \"yvel\": 1,\r\n      \"push\": 0,\r\n      \"relid\": 4\r\n    },\r\n    {\r\n      \"type\": \"text\",\r\n      \"cont\": \"<h1 class=\\\"_headline01\\\" style=\\\"text-align: left;\\\">Ventes<\/h1><ul><li><p class=\\\"_TEXT\\\">Soutien aux ventes DACH (Allemagne, Autriche et Suisse Allemande) et dans le monde entier<\/p><\/li><li><p class=\\\"_TEXT\\\">Aide \u00e0 la mise en place des bons canaux de vente<\/p><\/li><li><p class=\\\"_TEXT\\\">Soutien \u00e0 la recherche de partenaires potentiels, aide \u00e0 l'\u00e9tablissement de contacts et aux discussions<\/p><\/li><li><p class=\\\"_TEXT\\\">Strat\u00e9gie de prix et de distribution<\/p><\/li><li><p class=\\\"_TEXT\\\">Suivre l'\u00e9volution de votre marque sur le march\u00e9<\/p><\/li><li><p class=\\\"_TEXT\\\">Gestion int\u00e9rimaire<\/p><\/li><li><p class=\\\"_TEXT\\\">Formation \u00e0 la vente et coaching de vente selon la m\u00e9thode \\\"sellingandsmiling<\/p><\/li><li><p class=\\\"_TEXT\\\">Training on the job<\/p><\/li><li><p class=\\\"_TEXT\\\">Mystery check<br \/><br \/><\/p><\/li><\/ul><h1 class=\\\"_headline01\\\">Analyse de marques<\/h1><ul><li><p class=\\\"_TEXT\\\">quelles sont forces et faiblesses de votre marque?<\/p><\/li><li><p class=\\\"_TEXT\\\">en quoi et comment votre marque se distingue-t-elle? USP\u00a0?<\/p><\/li><li><p class=\\\"_TEXT\\\">o\u00f9 se trouvent les potentiels de votre marque?<\/p><\/li><li><p class=\\\"_TEXT\\\">analyse des concurrents pr\u00e9sents sur les march\u00e9s choisi<br \/><br \/><\/p><\/li><\/ul><h1 class=\\\"_headline01\\\">Marketing<\/h1><ul><li><p class=\\\"_TEXT\\\">contruction d'une strat\u00e9gie de marketing<\/p><\/li><li><p class=\\\"_TEXT\\\">analyse argument\u00e9e de vos propres documents<\/p><\/li><li><p class=\\\"_TEXT\\\">s\u00e9lection des mesures \u00e0 prendre et accompagnement dans leur application<\/p><\/li><li><p class=\\\"_TEXT\\\">s\u00e9lection des mesures \u00e0 prendre et accompagnement dans leur application<br \/><br \/><\/p><\/li><\/ul><h1 class=\\\"_headline01\\\">Training<\/h1><ul><li><p class=\\\"_TEXT\\\">mise \u00e0 jour des principes et des documents de formation<\/p><\/li><li><p class=\\\"_TEXT\\\">cr\u00e9ation de nouveaux programmes de formation<\/p><\/li><li><p class=\\\"_TEXT\\\">application des programmes de formation<br \/><br \/><\/p><\/li><\/ul><h1 class=\\\"_headline01\\\">Human resources<\/h1><ul><li><p class=\\\"_TEXT\\\">composition et \u00e9valuation d'une \u00e9quipe<\/p><\/li><li><p class=\\\"_TEXT\\\">programmes de formation en vue de la constitution d'une \u00e9quipe<\/p><\/li><li><p class=\\\"_TEXT\\\">gestion et motivation des collaborateurs.<\/p><\/li><\/ul><p>\u00a0<\/p><p class=\\\"_Zitat\\\">\u201cSi prenez soin de vos employ\u00e9s, ils prendront soin de votre entreprise\u201d<\/p><p class=\\\"_Zitat\\\"><em>\u2014 Richard Branson<\/em><\/p>\",\r\n      \"align\": \"bottom\",\r\n      \"row\": 2,\r\n      \"col\": 0,\r\n      \"colspan\": 12,\r\n      \"offsetx\": 0,\r\n      \"offsety\": 0,\r\n      \"spaceabove\": 0,\r\n      \"spacebelow\": 0,\r\n      \"yvel\": 1,\r\n      \"push\": 0,\r\n      \"relid\": 5,\r\n      \"frameOverflow\": \"\"\r\n    },\r\n    {\r\n      \"type\": \"img\",\r\n      \"cont\": \"\/wp-content\/uploads\/2021\/01\/mbw_background-mobile-1-wide-2.jpg\",\r\n      \"align\": \"top\",\r\n      \"row\": 3,\r\n      \"col\": 0,\r\n      \"colspan\": 12,\r\n      \"offsetx\": 0,\r\n      \"offsety\": 0,\r\n      \"spaceabove\": 0,\r\n      \"spacebelow\": 0,\r\n      \"yvel\": 1,\r\n      \"push\": 0,\r\n      \"relid\": 271,\r\n      \"attid\": 117,\r\n      \"sizes\": {\r\n        \"full\": \"\/wp-content\/uploads\/2021\/01\/mbw_background-mobile-1-wide-2.jpg\",\r\n        \"_768\": \"\/wp-content\/uploads\/2021\/01\/mbw_background-mobile-1-wide-2-768x161.jpg\",\r\n        \"_512\": \"\/wp-content\/uploads\/2021\/01\/mbw_background-mobile-1-wide-2-512x108.jpg\",\r\n        \"_265\": \"\/wp-content\/uploads\/2021\/01\/mbw_background-mobile-1-wide-2-265x56.jpg\"\r\n      },\r\n      \"w\": 900,\r\n      \"h\": 189,\r\n      \"ar\": 0.21,\r\n      \"alt\": \"\",\r\n      \"frameOverflow\": \"both\"\r\n    }\r\n  ]\r\n}","_links":{"self":[{"href":"https:\/\/mbw-expertise.de\/fr\/wp-json\/wp\/v2\/pages\/37"}],"collection":[{"href":"https:\/\/mbw-expertise.de\/fr\/wp-json\/wp\/v2\/pages"}],"about":[{"href":"https:\/\/mbw-expertise.de\/fr\/wp-json\/wp\/v2\/types\/page"}],"author":[{"embeddable":true,"href":"https:\/\/mbw-expertise.de\/fr\/wp-json\/wp\/v2\/users\/1"}],"replies":[{"embeddable":true,"href":"https:\/\/mbw-expertise.de\/fr\/wp-json\/wp\/v2\/comments?post=37"}],"version-history":[{"count":0,"href":"https:\/\/mbw-expertise.de\/fr\/wp-json\/wp\/v2\/pages\/37\/revisions"}],"wp:attachment":[{"href":"https:\/\/mbw-expertise.de\/fr\/wp-json\/wp\/v2\/media?parent=37"}],"curies":[{"name":"wp","href":"https:\/\/api.w.org\/{rel}","templated":true}]}}