{"id":44,"date":"2020-12-16T10:45:16","date_gmt":"2020-11-24T14:04:46","guid":{"rendered":"https:\/\/mbw-expertise.de\/iam-2\/"},"modified":"2023-01-26T08:35:17","modified_gmt":"2023-01-26T08:35:17","slug":"iam","status":"publish","type":"page","link":"https:\/\/mbw-expertise.de\/fr\/iam\/","title":{"rendered":"JE SUIS &#8211; fr"},"content":{"rendered":"","protected":false},"excerpt":{"rendered":"","protected":false},"author":1,"featured_media":0,"parent":0,"menu_order":0,"comment_status":"closed","ping_status":"closed","template":"","meta":[],"grid":"{\r\n  \"colCount\": 18,\r\n  \"colGutter\": 0.5,\r\n  \"rowGutters\": [\r\n    5\r\n  ],\r\n  \"frameMargin\": 0,\r\n  \"topFrameMargin\": 0,\r\n  \"bottomFrameMargin\": 0,\r\n  \"rowAttrs\": [\r\n    {\r\n      \"bgimage\": {\r\n        \"attid\": 45,\r\n        \"url\": \"\/wp-content\/uploads\/2020\/12\/01_Background_iam.png\",\r\n        \"sizes\": {\r\n          \"_1280\": {\r\n            \"w\": 1280,\r\n            \"h\": 720,\r\n            \"url\": \"\/wp-content\/uploads\/2020\/12\/01_Background_iam-1280x720.png\"\r\n          },\r\n          \"_1024\": {\r\n            \"w\": 1024,\r\n            \"h\": 576,\r\n            \"url\": \"\/wp-content\/uploads\/2020\/12\/01_Background_iam-1024x576.png\"\r\n          },\r\n          \"_768\": {\r\n            \"w\": 768,\r\n            \"h\": 432,\r\n            \"url\": \"\/wp-content\/uploads\/2020\/12\/01_Background_iam-768x432.png\"\r\n          },\r\n          \"_512\": {\r\n            \"w\": 512,\r\n            \"h\": 288,\r\n            \"url\": \"\/wp-content\/uploads\/2020\/12\/01_Background_iam-512x288.png\"\r\n          },\r\n          \"_265\": {\r\n            \"w\": 265,\r\n            \"h\": 149,\r\n            \"url\": \"\/wp-content\/uploads\/2020\/12\/01_Background_iam-265x149.png\"\r\n          }\r\n        }\r\n      }\r\n    },\r\n    {}\r\n  ],\r\n  \"bgColor\": \"#fcfbf8\",\r\n  \"cont\": [\r\n    {\r\n      \"type\": \"text\",\r\n      \"cont\": \"<h1 class=\\\"_Menue\\\" style=\\\"text-align: left;\\\">JE SUIS<\/h1>\",\r\n      \"align\": \"top\",\r\n      \"row\": 0,\r\n      \"col\": 10,\r\n      \"colspan\": 1,\r\n      \"offsetx\": 0,\r\n      \"offsety\": 0,\r\n      \"spaceabove\": 13,\r\n      \"spacebelow\": 0,\r\n      \"yvel\": 1,\r\n      \"push\": 10,\r\n      \"relid\": 4,\r\n      \"frameOverflow\": \"\"\r\n    },\r\n    {\r\n      \"type\": \"stack\",\r\n      \"cont\": [\r\n        {\r\n          \"type\": \"text\",\r\n          \"cont\": \"<h1 class=\\\"_headline01\\\" style=\\\"text-align: left;\\\">Corinne Barbereau<\/h1><div style=\\\"text-align: left;\\\"><p class=\\\"_Zitat\\\"><em>\\\"Le sourire que tu envoie, te revient\\\"<br \/><\/em><em>\u2014 Proverbe indien<\/em><\/p><p class=\\\"_Zitat\\\"><span style=\\\"font-family: Manrope, sans-serif; font-size: 15px;\\\">Ma r\u00e9ussite durable dans le secteur des produits cosm\u00e9tiques est le r\u00e9sultat de ma longue exp\u00e9rience et de mes connaissances \u00e9conomiques. Je suis n\u00e9e en France et domicili\u00e9e en Allemagne depuis plus de 40 ans. Apr\u00e8s des \u00e9tudes d'\u00e9conomie \u00e0 l'universit\u00e9 de Fribourg, j\u2019ai travaill\u00e9 pendant 12 ans jusqu'en 2006 en qualit\u00e9 de responsable de la marque GUINOT pour le march\u00e9 allemand.<\/span><\/p><\/div>\",\r\n          \"align\": \"top\",\r\n          \"row\": -1,\r\n          \"col\": 0,\r\n          \"colspan\": 6,\r\n          \"offsetx\": 0,\r\n          \"offsety\": 0,\r\n          \"spaceabove\": 0,\r\n          \"spacebelow\": 0,\r\n          \"yvel\": 1,\r\n          \"push\": 0,\r\n          \"relid\": 6\r\n        },\r\n        {\r\n          \"type\": \"img\",\r\n          \"cont\": \"\/wp-content\/uploads\/2021\/01\/Corinne-Barbereau-mbw-expertise-3.jpg\",\r\n          \"align\": \"middle\",\r\n          \"row\": -1,\r\n          \"col\": 0,\r\n          \"colspan\": 6,\r\n          \"offsetx\": 0,\r\n          \"offsety\": 0,\r\n          \"spaceabove\": 0,\r\n          \"spacebelow\": 0,\r\n          \"yvel\": 1,\r\n          \"push\": 0,\r\n          \"relid\": 330,\r\n          \"attid\": 124,\r\n          \"sizes\": {\r\n            \"full\": \"\/wp-content\/uploads\/2021\/01\/Corinne-Barbereau-mbw-expertise-3.jpg\",\r\n            \"_768\": \"\/wp-content\/uploads\/2021\/01\/Corinne-Barbereau-mbw-expertise-3-768x1152.jpg\",\r\n            \"_512\": \"\/wp-content\/uploads\/2021\/01\/Corinne-Barbereau-mbw-expertise-3-512x768.jpg\",\r\n            \"_265\": \"\/wp-content\/uploads\/2021\/01\/Corinne-Barbereau-mbw-expertise-3-265x398.jpg\"\r\n          },\r\n          \"w\": 1000,\r\n          \"h\": 1500,\r\n          \"ar\": 1.5,\r\n          \"alt\": \"Corinne Barbereau MBW Expertise\"\r\n        },\r\n        {\r\n          \"type\": \"text\",\r\n          \"cont\": \"<div style=\\\"text-align: left;\\\"><p class=\\\"_TEXT\\\">En 2007, j\u2019ai cr\u00e9\u00e9 la soci\u00e9t\u00e9 de distribution \\\"L'esprit de Beaut\u00e9\\\", introduisant avec une \u00e9quipe sur le march\u00e9 allemand les marques Comfortzone, Voya, Thalion . Depuis 2011, je travaille pour le compte de nombreuses marques dans une multitude de pays dans le cadre de projet d'optimisation des services de marketing et de distribution de soci\u00e9t\u00e9s. Depuis 2015, je suis principalement directeur des ventes internationales.<\/p><p class=\\\"_TEXT\\\">Mon succ\u00e8s s'explique par la qualit\u00e9 de mes comp\u00e9tences, ma capacit\u00e9 \u00e0 proposer des solutions innovantes et positives. Associ\u00e9e \u00e0 ma capacit\u00e9 de synth\u00e8se, mon attachement aux marques, mon ouverture sur le monde et mon r\u00e9seau relationnel, je suis l'une des actrices les plus reconnues dans mon domaine sur le march\u00e9 allemand.<\/p><p class=\\\"_TEXT\\\">La gestion de produits, la conqu\u00eate de nouveaux march\u00e9s, la distribution, l'expertise de l'export et le marketing sont \u00e9galement les points forts de ma personnalit\u00e9. Ma ma\u00eetrise parfaite du fran\u00e7ais, de l'allemand et de l'anglais \u00e9toffe encore son profil.<\/p><\/div>\",\r\n          \"align\": \"bottom\",\r\n          \"row\": -1,\r\n          \"col\": 0,\r\n          \"colspan\": 6,\r\n          \"offsetx\": 0,\r\n          \"offsety\": 0,\r\n          \"spaceabove\": 3,\r\n          \"spacebelow\": 0,\r\n          \"yvel\": 1,\r\n          \"push\": 0,\r\n          \"relid\": 337\r\n        }\r\n      ],\r\n      \"align\": \"top\",\r\n      \"row\": 0,\r\n      \"col\": 11,\r\n      \"colspan\": 6,\r\n      \"offsetx\": 0,\r\n      \"offsety\": 0,\r\n      \"spaceabove\": 13,\r\n      \"spacebelow\": 0,\r\n      \"yvel\": 1,\r\n      \"push\": 0,\r\n      \"relid\": 5,\r\n      \"frameOverflow\": \"\"\r\n    },\r\n    {\r\n      \"type\": \"img\",\r\n      \"cont\": \"\/wp-content\/uploads\/2023\/01\/laurent_nay_work_GPR2736-smaller.jpg\",\r\n      \"align\": \"top\",\r\n      \"row\": 1,\r\n      \"col\": 11,\r\n      \"colspan\": 6,\r\n      \"offsetx\": 0,\r\n      \"offsety\": 0,\r\n      \"spaceabove\": 0,\r\n      \"spacebelow\": 0,\r\n      \"yvel\": 1,\r\n      \"push\": 11,\r\n      \"relid\": 687,\r\n      \"attid\": 131,\r\n      \"sizes\": {\r\n        \"full\": \"\/wp-content\/uploads\/2023\/01\/laurent_nay_work_GPR2736-smaller.jpg\",\r\n        \"_1280\": \"\/wp-content\/uploads\/2023\/01\/laurent_nay_work_GPR2736-smaller-1280x964.jpg\",\r\n        \"_1024\": \"\/wp-content\/uploads\/2023\/01\/laurent_nay_work_GPR2736-smaller-1024x772.jpg\",\r\n        \"_768\": \"\/wp-content\/uploads\/2023\/01\/laurent_nay_work_GPR2736-smaller-768x579.jpg\",\r\n        \"_512\": \"\/wp-content\/uploads\/2023\/01\/laurent_nay_work_GPR2736-smaller-512x386.jpg\",\r\n        \"_265\": \"\/wp-content\/uploads\/2023\/01\/laurent_nay_work_GPR2736-smaller-265x200.jpg\"\r\n      },\r\n      \"w\": 1724,\r\n      \"h\": 1299,\r\n      \"ar\": 0.7534802784222738,\r\n      \"alt\": \"\",\r\n      \"frameOverflow\": \"\"\r\n    }\r\n  ]\r\n}","phonegrid":"{\r\n  \"colCount\": 12,\r\n  \"colGutter\": 1,\r\n  \"rowGutters\": [\r\n    5,\r\n    5,\r\n    5,\r\n    5,\r\n    5\r\n  ],\r\n  \"frameMargin\": 9,\r\n  \"topFrameMargin\": 0,\r\n  \"bottomFrameMargin\": 0,\r\n  \"rowAttrs\": [\r\n    {},\r\n    {},\r\n    {},\r\n    {},\r\n    {},\r\n    {}\r\n  ],\r\n  \"bgColor\": null,\r\n  \"cont\": [\r\n    {\r\n      \"type\": \"img\",\r\n      \"cont\": \"\/wp-content\/uploads\/2021\/01\/mbw_background-mobile-4-wide-2.jpg\",\r\n      \"align\": \"middle\",\r\n      \"row\": 0,\r\n      \"col\": 0,\r\n      \"colspan\": 12,\r\n      \"offsetx\": 0,\r\n      \"offsety\": 0,\r\n      \"spaceabove\": 0,\r\n      \"spacebelow\": 0,\r\n      \"yvel\": 1,\r\n      \"push\": 0,\r\n      \"relid\": 181,\r\n      \"attid\": 120,\r\n      \"sizes\": {\r\n        \"full\": \"\/wp-content\/uploads\/2021\/01\/mbw_background-mobile-4-wide-2.jpg\",\r\n        \"_768\": \"\/wp-content\/uploads\/2021\/01\/mbw_background-mobile-4-wide-2-768x161.jpg\",\r\n        \"_512\": \"\/wp-content\/uploads\/2021\/01\/mbw_background-mobile-4-wide-2-512x108.jpg\",\r\n        \"_265\": \"\/wp-content\/uploads\/2021\/01\/mbw_background-mobile-4-wide-2-265x56.jpg\"\r\n      },\r\n      \"w\": 900,\r\n      \"h\": 189,\r\n      \"ar\": 0.21,\r\n      \"alt\": \"\",\r\n      \"frameOverflow\": \"both\"\r\n    },\r\n    {\r\n      \"type\": \"text\",\r\n      \"cont\": \"<h1 class=\\\"_Menue\\\" style=\\\"text-align: left;\\\">JE SUIS<\/h1>\",\r\n      \"align\": \"bottom\",\r\n      \"row\": 1,\r\n      \"col\": 0,\r\n      \"colspan\": 12,\r\n      \"offsetx\": 0,\r\n      \"offsety\": 0,\r\n      \"spaceabove\": 0,\r\n      \"spacebelow\": 0,\r\n      \"yvel\": 1,\r\n      \"push\": 0,\r\n      \"relid\": 4,\r\n      \"frameOverflow\": \"\"\r\n    },\r\n    {\r\n      \"type\": \"text\",\r\n      \"cont\": \"<h1 class=\\\"_headline01\\\" style=\\\"text-align: left;\\\">Corinne Barbereau<\/h1><div style=\\\"text-align: left;\\\"><p class=\\\"_Zitat\\\"><em>\\\"Le sourire que tu envoie, te revient\\\"<br \/><\/em><em>\u2014 Proverbe indien<\/em><\/p><p class=\\\"_Zitat\\\"><span style=\\\"font-family: Manrope, sans-serif; font-size: 15px;\\\">Ma r\u00e9ussite durable dans le secteur des produits cosm\u00e9tiques est le r\u00e9sultat de ma longue exp\u00e9rience et de mes connaissances \u00e9conomiques. Je suis n\u00e9e en France et domicili\u00e9e en Allemagne depuis plus de 40 ans. Apr\u00e8s des \u00e9tudes d'\u00e9conomie \u00e0 l'universit\u00e9 de Fribourg, j\u2019ai travaill\u00e9 pendant 12 ans jusqu'en 2006 en qualit\u00e9 de responsable de la marque GUINOT pour le march\u00e9 allemand.<\/span><\/p><\/div>\",\r\n      \"align\": \"bottom\",\r\n      \"row\": 2,\r\n      \"col\": 0,\r\n      \"colspan\": 12,\r\n      \"offsetx\": 0,\r\n      \"offsety\": 0,\r\n      \"spaceabove\": 0,\r\n      \"spacebelow\": 0,\r\n      \"yvel\": 1,\r\n      \"push\": 0,\r\n      \"relid\": 6\r\n    },\r\n    {\r\n      \"type\": \"text\",\r\n      \"cont\": \"<div style=\\\"text-align: left;\\\"><p class=\\\"_TEXT\\\">En 2007, j\u2019ai cr\u00e9\u00e9 la soci\u00e9t\u00e9 de distribution \\\"L'esprit de Beaut\u00e9\\\", introduisant avec une \u00e9quipe sur le march\u00e9 allemand les marques Comfortzone, Voya, Thalion . Depuis 2011, je travaille pour le compte de nombreuses marques dans une multitude de pays dans le cadre de projet d'optimisation des services de marketing et de distribution de soci\u00e9t\u00e9s. Depuis 2015, je suis principalement directeur des ventes internationales.<\/p><p class=\\\"_TEXT\\\">Mon succ\u00e8s s'explique par la qualit\u00e9 de mes comp\u00e9tences, ma capacit\u00e9 \u00e0 proposer des solutions innovantes et positives. Associ\u00e9e \u00e0 ma capacit\u00e9 de synth\u00e8se, mon attachement aux marques, mon ouverture sur le monde et mon r\u00e9seau relationnel, je suis l'une des actrices les plus reconnues dans mon domaine sur le march\u00e9 allemand.<\/p><p class=\\\"_TEXT\\\">La gestion de produits, la conqu\u00eate de nouveaux march\u00e9s, la distribution, l'expertise de l'export et le marketing sont \u00e9galement les points forts de ma personnalit\u00e9. Ma ma\u00eetrise parfaite du fran\u00e7ais, de l'allemand et de l'anglais \u00e9toffe encore son profil.<\/p><\/div>\",\r\n      \"align\": \"bottom\",\r\n      \"row\": 4,\r\n      \"col\": 0,\r\n      \"colspan\": 12,\r\n      \"offsetx\": 0,\r\n      \"offsety\": 0,\r\n      \"spaceabove\": 0,\r\n      \"spacebelow\": 0,\r\n      \"yvel\": 1,\r\n      \"push\": 0,\r\n      \"relid\": 337\r\n    },\r\n    {\r\n      \"type\": \"img\",\r\n      \"cont\": \"\/wp-content\/uploads\/2021\/01\/mbw_background-mobile-4-wide.jpg\",\r\n      \"align\": \"top\",\r\n      \"row\": 5,\r\n      \"col\": 0,\r\n      \"colspan\": 12,\r\n      \"offsetx\": 0,\r\n      \"offsety\": 0,\r\n      \"spaceabove\": 0,\r\n      \"spacebelow\": 0,\r\n      \"yvel\": 1,\r\n      \"push\": 0,\r\n      \"relid\": 295,\r\n      \"attid\": 115,\r\n      \"sizes\": {\r\n        \"full\": \"\/wp-content\/uploads\/2021\/01\/mbw_background-mobile-4-wide.jpg\",\r\n        \"_768\": \"\/wp-content\/uploads\/2021\/01\/mbw_background-mobile-4-wide-768x161.jpg\",\r\n        \"_512\": \"\/wp-content\/uploads\/2021\/01\/mbw_background-mobile-4-wide-512x108.jpg\",\r\n        \"_265\": \"\/wp-content\/uploads\/2021\/01\/mbw_background-mobile-4-wide-265x56.jpg\"\r\n      },\r\n      \"w\": 900,\r\n      \"h\": 189,\r\n      \"ar\": 0.21,\r\n      \"alt\": \"\",\r\n      \"frameOverflow\": \"both\"\r\n    }\r\n  ]\r\n}","_links":{"self":[{"href":"https:\/\/mbw-expertise.de\/fr\/wp-json\/wp\/v2\/pages\/44"}],"collection":[{"href":"https:\/\/mbw-expertise.de\/fr\/wp-json\/wp\/v2\/pages"}],"about":[{"href":"https:\/\/mbw-expertise.de\/fr\/wp-json\/wp\/v2\/types\/page"}],"author":[{"embeddable":true,"href":"https:\/\/mbw-expertise.de\/fr\/wp-json\/wp\/v2\/users\/1"}],"replies":[{"embeddable":true,"href":"https:\/\/mbw-expertise.de\/fr\/wp-json\/wp\/v2\/comments?post=44"}],"version-history":[{"count":0,"href":"https:\/\/mbw-expertise.de\/fr\/wp-json\/wp\/v2\/pages\/44\/revisions"}],"wp:attachment":[{"href":"https:\/\/mbw-expertise.de\/fr\/wp-json\/wp\/v2\/media?parent=44"}],"curies":[{"name":"wp","href":"https:\/\/api.w.org\/{rel}","templated":true}]}}